{"id":4215,"date":"2024-01-26T11:10:52","date_gmt":"2024-01-26T11:10:52","guid":{"rendered":"https:\/\/csv4vet.eu\/wp\/?page_id=4215"},"modified":"2024-11-18T17:00:10","modified_gmt":"2024-11-18T17:00:10","slug":"survey-pl","status":"publish","type":"page","link":"https:\/\/csv4vet.eu\/wp\/pl\/survey-pl\/","title":{"rendered":"Dokumenty Survey"},"content":{"rendered":"\t\t<div data-elementor-type=\"wp-page\" data-elementor-id=\"4215\" class=\"elementor elementor-4215\">\n\t\t\t\t\t\t<section class=\"elementor-section elementor-top-section elementor-element elementor-element-f6f1626 elementor-section-boxed elementor-section-height-default elementor-section-height-default\" data-id=\"f6f1626\" data-element_type=\"section\">\n\t\t\t\t\t\t<div class=\"elementor-container elementor-column-gap-default\">\n\t\t\t\t\t<div class=\"elementor-column elementor-col-100 elementor-top-column elementor-element elementor-element-b9388cb\" data-id=\"b9388cb\" data-element_type=\"column\">\n\t\t\t<div class=\"elementor-widget-wrap elementor-element-populated\">\n\t\t\t\t\t\t<div class=\"elementor-element elementor-element-cb95502 elementor-widget elementor-widget-heading\" data-id=\"cb95502\" data-element_type=\"widget\" data-widget_type=\"heading.default\">\n\t\t\t\t<div class=\"elementor-widget-container\">\n\t\t\t<div class=\"elementor-heading-title elementor-size-default\">Wyniki bada\u0144 pierwotnych i wt\u00f3rnych (zewn\u0119trznych) oraz wywiad\u00f3w (wewn\u0119trznych) przeprowadzonych przez po\u015brednie i bezpo\u015brednie GT.<\/div>\t\t<\/div>\n\t\t\t\t<\/div>\n\t\t\t\t\t<\/div>\n\t\t<\/div>\n\t\t\t\t\t<\/div>\n\t\t<\/section>\n\t\t\t\t<section class=\"elementor-section elementor-top-section elementor-element elementor-element-5560f94 elementor-section-boxed elementor-section-height-default elementor-section-height-default\" data-id=\"5560f94\" data-element_type=\"section\">\n\t\t\t\t\t\t<div class=\"elementor-container elementor-column-gap-default\">\n\t\t\t\t\t<div class=\"elementor-column elementor-col-100 elementor-top-column elementor-element elementor-element-ef7ae4d\" data-id=\"ef7ae4d\" data-element_type=\"column\">\n\t\t\t<div class=\"elementor-widget-wrap elementor-element-populated\">\n\t\t\t\t\t\t<div class=\"elementor-element elementor-element-3e20292 elementor-widget elementor-widget-toggle\" data-id=\"3e20292\" data-element_type=\"widget\" data-widget_type=\"toggle.default\">\n\t\t\t\t<div class=\"elementor-widget-container\">\n\t\t\t\t\t<div class=\"elementor-toggle\">\n\t\t\t\t\t\t\t<div class=\"elementor-toggle-item\">\n\t\t\t\t\t<div id=\"elementor-tab-title-6511\" class=\"elementor-tab-title\" data-tab=\"1\" role=\"button\" aria-controls=\"elementor-tab-content-6511\" aria-expanded=\"false\">\n\t\t\t\t\t\t\t\t\t\t\t\t<span class=\"elementor-toggle-icon elementor-toggle-icon-left\" aria-hidden=\"true\">\n\t\t\t\t\t\t\t\t\t\t\t\t\t\t\t<span class=\"elementor-toggle-icon-closed\"><i class=\"fas fa-caret-right\"><\/i><\/span>\n\t\t\t\t\t\t\t\t<span class=\"elementor-toggle-icon-opened\"><i class=\"elementor-toggle-icon-opened fas fa-caret-up\"><\/i><\/span>\n\t\t\t\t\t\t\t\t\t\t\t\t\t<\/span>\n\t\t\t\t\t\t\t\t\t\t\t\t<a class=\"elementor-toggle-title\" tabindex=\"0\">Rozmowa kwalifikacyjna (sta\u017cysta)<\/a>\n\t\t\t\t\t<\/div>\n\n\t\t\t\t\t<div id=\"elementor-tab-content-6511\" class=\"elementor-tab-content elementor-clearfix\" data-tab=\"1\" role=\"region\" aria-labelledby=\"elementor-tab-title-6511\"><img fetchpriority=\"high\" decoding=\"async\" class=\"size-medium wp-image-4186\" src=\"https:\/\/csv4vet.eu\/wp\/wp-content\/uploads\/2024\/01\/CSV-Implementation-Guide-212x300.jpg\" alt=\"\" width=\"212\" height=\"300\" srcset=\"https:\/\/csv4vet.eu\/wp\/wp-content\/uploads\/2024\/01\/CSV-Implementation-Guide-212x300.jpg 212w, https:\/\/csv4vet.eu\/wp\/wp-content\/uploads\/2024\/01\/CSV-Implementation-Guide.jpg 595w\" sizes=\"(max-width: 212px) 100vw, 212px\" \/><\/div>\n\t\t\t\t<\/div>\n\t\t\t\t\t\t\t<div class=\"elementor-toggle-item\">\n\t\t\t\t\t<div id=\"elementor-tab-title-6512\" class=\"elementor-tab-title\" data-tab=\"2\" role=\"button\" aria-controls=\"elementor-tab-content-6512\" aria-expanded=\"false\">\n\t\t\t\t\t\t\t\t\t\t\t\t<span class=\"elementor-toggle-icon elementor-toggle-icon-left\" aria-hidden=\"true\">\n\t\t\t\t\t\t\t\t\t\t\t\t\t\t\t<span class=\"elementor-toggle-icon-closed\"><i class=\"fas fa-caret-right\"><\/i><\/span>\n\t\t\t\t\t\t\t\t<span class=\"elementor-toggle-icon-opened\"><i class=\"elementor-toggle-icon-opened fas fa-caret-up\"><\/i><\/span>\n\t\t\t\t\t\t\t\t\t\t\t\t\t<\/span>\n\t\t\t\t\t\t\t\t\t\t\t\t<a class=\"elementor-toggle-title\" tabindex=\"0\">Badanie pierwotne i wt\u00f3rne (zewn\u0119trzne)<\/a>\n\t\t\t\t\t<\/div>\n\n\t\t\t\t\t<div id=\"elementor-tab-content-6512\" class=\"elementor-tab-content elementor-clearfix\" data-tab=\"2\" role=\"region\" aria-labelledby=\"elementor-tab-title-6512\"><img fetchpriority=\"high\" decoding=\"async\" class=\"size-medium wp-image-4186\" src=\"https:\/\/csv4vet.eu\/wp\/wp-content\/uploads\/2024\/01\/CSV-Implementation-Guide-212x300.jpg\" alt=\"\" width=\"212\" height=\"300\" srcset=\"https:\/\/csv4vet.eu\/wp\/wp-content\/uploads\/2024\/01\/CSV-Implementation-Guide-212x300.jpg 212w, https:\/\/csv4vet.eu\/wp\/wp-content\/uploads\/2024\/01\/CSV-Implementation-Guide.jpg 595w\" sizes=\"(max-width: 212px) 100vw, 212px\" \/><\/div>\n\t\t\t\t<\/div>\n\t\t\t\t\t\t\t\t<\/div>\n\t\t\t\t<\/div>\n\t\t\t\t<\/div>\n\t\t\t\t\t<\/div>\n\t\t<\/div>\n\t\t\t\t\t<\/div>\n\t\t<\/section>\n\t\t\t\t<section class=\"elementor-section elementor-top-section elementor-element elementor-element-a6b86ac elementor-section-boxed elementor-section-height-default elementor-section-height-default\" data-id=\"a6b86ac\" data-element_type=\"section\">\n\t\t\t\t\t\t<div class=\"elementor-container elementor-column-gap-default\">\n\t\t\t\t\t<div class=\"elementor-column elementor-col-100 elementor-top-column elementor-element elementor-element-a403456\" data-id=\"a403456\" data-element_type=\"column\">\n\t\t\t<div class=\"elementor-widget-wrap elementor-element-populated\">\n\t\t\t\t\t\t<div class=\"elementor-element elementor-element-1828a1e elementor-widget elementor-widget-heading\" data-id=\"1828a1e\" data-element_type=\"widget\" data-widget_type=\"heading.default\">\n\t\t\t\t<div class=\"elementor-widget-container\">\n\t\t\t<h4 class=\"elementor-heading-title elementor-size-default\">Badanie pierwotne i wt\u00f3rne (zewn\u0119trzne)<\/h4>\t\t<\/div>\n\t\t\t\t<\/div>\n\t\t\t\t\t<\/div>\n\t\t<\/div>\n\t\t\t\t\t<\/div>\n\t\t<\/section>\n\t\t\t\t<section class=\"elementor-section elementor-top-section elementor-element elementor-element-2fbc6bcf elementor-section-boxed elementor-section-height-default elementor-section-height-default\" data-id=\"2fbc6bcf\" data-element_type=\"section\">\n\t\t\t\t\t\t<div class=\"elementor-container elementor-column-gap-default\">\n\t\t\t\t\t<div class=\"elementor-column elementor-col-50 elementor-top-column elementor-element elementor-element-4c6032f5\" data-id=\"4c6032f5\" data-element_type=\"column\">\n\t\t\t<div class=\"elementor-widget-wrap\">\n\t\t\t\t\t\t\t<\/div>\n\t\t<\/div>\n\t\t\t\t<div class=\"elementor-column elementor-col-50 elementor-top-column elementor-element elementor-element-19b22899\" data-id=\"19b22899\" data-element_type=\"column\">\n\t\t\t<div class=\"elementor-widget-wrap\">\n\t\t\t\t\t\t\t<\/div>\n\t\t<\/div>\n\t\t\t\t\t<\/div>\n\t\t<\/section>\n\t\t\t\t<section class=\"elementor-section elementor-top-section elementor-element elementor-element-6cd4540a elementor-section-boxed elementor-section-height-default elementor-section-height-default\" data-id=\"6cd4540a\" data-element_type=\"section\">\n\t\t\t\t\t\t<div class=\"elementor-container elementor-column-gap-default\">\n\t\t\t\t\t<div class=\"elementor-column elementor-col-50 elementor-top-column elementor-element elementor-element-6759f50f\" data-id=\"6759f50f\" data-element_type=\"column\">\n\t\t\t<div class=\"elementor-widget-wrap\">\n\t\t\t\t\t\t\t<\/div>\n\t\t<\/div>\n\t\t\t\t<div class=\"elementor-column elementor-col-50 elementor-top-column elementor-element elementor-element-16aae310\" data-id=\"16aae310\" data-element_type=\"column\">\n\t\t\t<div class=\"elementor-widget-wrap\">\n\t\t\t\t\t\t\t<\/div>\n\t\t<\/div>\n\t\t\t\t\t<\/div>\n\t\t<\/section>\n\t\t\t\t<section class=\"elementor-section elementor-top-section elementor-element elementor-element-69a2aae elementor-section-boxed elementor-section-height-default elementor-section-height-default\" data-id=\"69a2aae\" data-element_type=\"section\">\n\t\t\t\t\t\t<div class=\"elementor-container elementor-column-gap-default\">\n\t\t\t\t\t<div class=\"elementor-column elementor-col-50 elementor-top-column elementor-element elementor-element-3037babe\" data-id=\"3037babe\" data-element_type=\"column\">\n\t\t\t<div class=\"elementor-widget-wrap\">\n\t\t\t\t\t\t\t<\/div>\n\t\t<\/div>\n\t\t\t\t<div class=\"elementor-column elementor-col-50 elementor-top-column elementor-element elementor-element-4a39a732\" data-id=\"4a39a732\" data-element_type=\"column\">\n\t\t\t<div class=\"elementor-widget-wrap\">\n\t\t\t\t\t\t\t<\/div>\n\t\t<\/div>\n\t\t\t\t\t<\/div>\n\t\t<\/section>\n\t\t\t\t<section class=\"elementor-section elementor-top-section elementor-element elementor-element-628a9b28 elementor-section-content-middle elementor-section-boxed elementor-section-height-default elementor-section-height-default\" data-id=\"628a9b28\" data-element_type=\"section\">\n\t\t\t\t\t\t<div class=\"elementor-container elementor-column-gap-default\">\n\t\t\t\t\t<div class=\"elementor-column elementor-col-50 elementor-top-column elementor-element elementor-element-479cc1c1\" data-id=\"479cc1c1\" data-element_type=\"column\">\n\t\t\t<div class=\"elementor-widget-wrap elementor-element-populated\">\n\t\t\t\t\t\t<div class=\"elementor-element elementor-element-5ab016ad elementor-widget elementor-widget-image\" data-id=\"5ab016ad\" data-element_type=\"widget\" data-widget_type=\"image.default\">\n\t\t\t\t<div class=\"elementor-widget-container\">\n\t\t\t\t\t\t\t\t\t\t\t\t\t<img decoding=\"async\" width=\"1024\" height=\"215\" src=\"https:\/\/csv4vet.eu\/wp\/wp-content\/uploads\/2024\/01\/PL_Co-fundedbytheEU_RGB_POS-1024x215.png\" class=\"attachment-large size-large wp-image-3139 no-lazy\" alt=\"\" srcset=\"https:\/\/csv4vet.eu\/wp\/wp-content\/uploads\/2024\/01\/PL_Co-fundedbytheEU_RGB_POS-1024x215.png 1024w, https:\/\/csv4vet.eu\/wp\/wp-content\/uploads\/2024\/01\/PL_Co-fundedbytheEU_RGB_POS-300x63.png 300w, https:\/\/csv4vet.eu\/wp\/wp-content\/uploads\/2024\/01\/PL_Co-fundedbytheEU_RGB_POS-768x161.png 768w, https:\/\/csv4vet.eu\/wp\/wp-content\/uploads\/2024\/01\/PL_Co-fundedbytheEU_RGB_POS-1536x323.png 1536w, https:\/\/csv4vet.eu\/wp\/wp-content\/uploads\/2024\/01\/PL_Co-fundedbytheEU_RGB_POS-2048x430.png 2048w\" sizes=\"(max-width: 1024px) 100vw, 1024px\" \/>\t\t\t\t\t\t\t\t\t\t\t\t\t<\/div>\n\t\t\t\t<\/div>\n\t\t\t\t\t<\/div>\n\t\t<\/div>\n\t\t\t\t<div class=\"elementor-column elementor-col-50 elementor-top-column elementor-element elementor-element-7c4b115e\" data-id=\"7c4b115e\" data-element_type=\"column\">\n\t\t\t<div class=\"elementor-widget-wrap elementor-element-populated\">\n\t\t\t\t\t\t<div class=\"elementor-element elementor-element-6c9e2a94 elementor-widget elementor-widget-text-editor\" data-id=\"6c9e2a94\" data-element_type=\"widget\" data-widget_type=\"text-editor.default\">\n\t\t\t\t<div class=\"elementor-widget-container\">\n\t\t\t\t\t\t\t<span style=\"font-size: 10pt;\">Sfinansowane ze \u015brodk\u00f3w UE. Wyra\u017cone pogl\u0105dy i opinie s\u0105 jedynie opiniami autora lub autor\u00f3w i niekoniecznie odzwierciedlaj\u0105 pogl\u0105dy i opinie Unii Europejskiej lub Europejskiej Agencji Wykonawczej ds. Edukacji i Kultury (EACEA). Unia Europejska ani EACEA nie ponosz\u0105 za nie odpowiedzialno\u015bci.<\/span>\t\t\t\t\t\t<\/div>\n\t\t\t\t<\/div>\n\t\t\t\t\t<\/div>\n\t\t<\/div>\n\t\t\t\t\t<\/div>\n\t\t<\/section>\n\t\t\t\t<\/div>\n\t\t","protected":false},"excerpt":{"rendered":"<p>Wyniki bada\u0144 pierwotnych i wt\u00f3rnych (zewn\u0119trznych) oraz wywiad\u00f3w (wewn\u0119trznych) przeprowadzonych przez po\u015brednie i bezpo\u015brednie GT. Rozmowa kwalifikacyjna (sta\u017cysta) Badanie pierwotne i wt\u00f3rne (zewn\u0119trzne) Badanie pierwotne i wt\u00f3rne (zewn\u0119trzne) Sfinansowane ze \u015brodk\u00f3w UE. Wyra\u017cone pogl\u0105dy i opinie s\u0105 jedynie opiniami autora lub autor\u00f3w i niekoniecznie odzwierciedlaj\u0105 pogl\u0105dy i opinie Unii Europejskiej lub Europejskiej Agencji Wykonawczej ds. [&hellip;]<\/p>\n","protected":false},"author":3,"featured_media":0,"parent":0,"menu_order":0,"comment_status":"closed","ping_status":"closed","template":"","meta":{"inline_featured_image":false,"footnotes":""},"class_list":["post-4215","page","type-page","status-publish","czr-hentry"],"yoast_head":"<!-- This site is optimized with the Yoast SEO plugin v24.4 - https:\/\/yoast.com\/wordpress\/plugins\/seo\/ -->\n<title>Dokumenty Survey - CreateSharedValue<\/title>\n<meta name=\"robots\" content=\"index, follow, max-snippet:-1, max-image-preview:large, max-video-preview:-1\" \/>\n<link rel=\"canonical\" href=\"https:\/\/csv4vet.eu\/wp\/pl\/survey-pl\/\" \/>\n<meta property=\"og:locale\" content=\"en_GB\" \/>\n<meta property=\"og:type\" content=\"article\" \/>\n<meta property=\"og:title\" content=\"Dokumenty Survey - CreateSharedValue\" \/>\n<meta property=\"og:description\" content=\"Wyniki bada\u0144 pierwotnych i wt\u00f3rnych (zewn\u0119trznych) oraz wywiad\u00f3w (wewn\u0119trznych) przeprowadzonych przez po\u015brednie i bezpo\u015brednie GT. Rozmowa kwalifikacyjna (sta\u017cysta) Badanie pierwotne i wt\u00f3rne (zewn\u0119trzne) Badanie pierwotne i wt\u00f3rne (zewn\u0119trzne) Sfinansowane ze \u015brodk\u00f3w UE. Wyra\u017cone pogl\u0105dy i opinie s\u0105 jedynie opiniami autora lub autor\u00f3w i niekoniecznie odzwierciedlaj\u0105 pogl\u0105dy i opinie Unii Europejskiej lub Europejskiej Agencji Wykonawczej ds. [&hellip;]\" \/>\n<meta property=\"og:url\" content=\"https:\/\/csv4vet.eu\/wp\/pl\/survey-pl\/\" \/>\n<meta property=\"og:site_name\" content=\"CreateSharedValue\" \/>\n<meta property=\"article:modified_time\" content=\"2024-11-18T17:00:10+00:00\" \/>\n<meta property=\"og:image\" content=\"https:\/\/csv4vet.eu\/wp\/wp-content\/uploads\/2024\/01\/CSV-Implementation-Guide.jpg\" \/>\n\t<meta property=\"og:image:width\" content=\"595\" \/>\n\t<meta property=\"og:image:height\" content=\"842\" \/>\n\t<meta property=\"og:image:type\" content=\"image\/jpeg\" \/>\n<meta name=\"twitter:card\" content=\"summary_large_image\" \/>\n<meta name=\"twitter:label1\" content=\"Estimated reading time\" \/>\n\t<meta name=\"twitter:data1\" content=\"4 minutes\" \/>\n<script type=\"application\/ld+json\" class=\"yoast-schema-graph\">{\"@context\":\"https:\/\/schema.org\",\"@graph\":[{\"@type\":\"WebPage\",\"@id\":\"https:\/\/csv4vet.eu\/wp\/pl\/survey-pl\/\",\"url\":\"https:\/\/csv4vet.eu\/wp\/pl\/survey-pl\/\",\"name\":\"Dokumenty Survey - CreateSharedValue\",\"isPartOf\":{\"@id\":\"https:\/\/csv4vet.eu\/wp\/#website\"},\"primaryImageOfPage\":{\"@id\":\"https:\/\/csv4vet.eu\/wp\/pl\/survey-pl\/#primaryimage\"},\"image\":{\"@id\":\"https:\/\/csv4vet.eu\/wp\/pl\/survey-pl\/#primaryimage\"},\"thumbnailUrl\":\"https:\/\/csv4vet.eu\/wp\/wp-content\/uploads\/2024\/01\/CSV-Implementation-Guide-212x300.jpg\",\"datePublished\":\"2024-01-26T11:10:52+00:00\",\"dateModified\":\"2024-11-18T17:00:10+00:00\",\"breadcrumb\":{\"@id\":\"https:\/\/csv4vet.eu\/wp\/pl\/survey-pl\/#breadcrumb\"},\"inLanguage\":\"en-GB\",\"potentialAction\":[{\"@type\":\"ReadAction\",\"target\":[\"https:\/\/csv4vet.eu\/wp\/pl\/survey-pl\/\"]}]},{\"@type\":\"ImageObject\",\"inLanguage\":\"en-GB\",\"@id\":\"https:\/\/csv4vet.eu\/wp\/pl\/survey-pl\/#primaryimage\",\"url\":\"https:\/\/csv4vet.eu\/wp\/wp-content\/uploads\/2024\/01\/CSV-Implementation-Guide.jpg\",\"contentUrl\":\"https:\/\/csv4vet.eu\/wp\/wp-content\/uploads\/2024\/01\/CSV-Implementation-Guide.jpg\",\"width\":595,\"height\":842,\"caption\":\"survey\"},{\"@type\":\"BreadcrumbList\",\"@id\":\"https:\/\/csv4vet.eu\/wp\/pl\/survey-pl\/#breadcrumb\",\"itemListElement\":[{\"@type\":\"ListItem\",\"position\":1,\"name\":\"Home\",\"item\":\"https:\/\/csv4vet.eu\/wp\/\"},{\"@type\":\"ListItem\",\"position\":2,\"name\":\"Dokumenty Survey\"}]},{\"@type\":\"WebSite\",\"@id\":\"https:\/\/csv4vet.eu\/wp\/#website\",\"url\":\"https:\/\/csv4vet.eu\/wp\/\",\"name\":\"CreateSharedValue\",\"description\":\"Strategies for staying creative in VET\",\"publisher\":{\"@id\":\"https:\/\/csv4vet.eu\/wp\/#organization\"},\"potentialAction\":[{\"@type\":\"SearchAction\",\"target\":{\"@type\":\"EntryPoint\",\"urlTemplate\":\"https:\/\/csv4vet.eu\/wp\/?s={search_term_string}\"},\"query-input\":{\"@type\":\"PropertyValueSpecification\",\"valueRequired\":true,\"valueName\":\"search_term_string\"}}],\"inLanguage\":\"en-GB\"},{\"@type\":\"Organization\",\"@id\":\"https:\/\/csv4vet.eu\/wp\/#organization\",\"name\":\"CreateSharedValue\",\"url\":\"https:\/\/csv4vet.eu\/wp\/\",\"logo\":{\"@type\":\"ImageObject\",\"inLanguage\":\"en-GB\",\"@id\":\"https:\/\/csv4vet.eu\/wp\/#\/schema\/logo\/image\/\",\"url\":\"https:\/\/csv4vet.eu\/wp\/wp-content\/uploads\/2023\/01\/CSV-logo-Regular.png\",\"contentUrl\":\"https:\/\/csv4vet.eu\/wp\/wp-content\/uploads\/2023\/01\/CSV-logo-Regular.png\",\"width\":1000,\"height\":900,\"caption\":\"CreateSharedValue\"},\"image\":{\"@id\":\"https:\/\/csv4vet.eu\/wp\/#\/schema\/logo\/image\/\"}}]}<\/script>\n<!-- \/ Yoast SEO plugin. -->","yoast_head_json":{"title":"Dokumenty Survey - CreateSharedValue","robots":{"index":"index","follow":"follow","max-snippet":"max-snippet:-1","max-image-preview":"max-image-preview:large","max-video-preview":"max-video-preview:-1"},"canonical":"https:\/\/csv4vet.eu\/wp\/pl\/survey-pl\/","og_locale":"en_GB","og_type":"article","og_title":"Dokumenty Survey - CreateSharedValue","og_description":"Wyniki bada\u0144 pierwotnych i wt\u00f3rnych (zewn\u0119trznych) oraz wywiad\u00f3w (wewn\u0119trznych) przeprowadzonych przez po\u015brednie i bezpo\u015brednie GT. Rozmowa kwalifikacyjna (sta\u017cysta) Badanie pierwotne i wt\u00f3rne (zewn\u0119trzne) Badanie pierwotne i wt\u00f3rne (zewn\u0119trzne) Sfinansowane ze \u015brodk\u00f3w UE. Wyra\u017cone pogl\u0105dy i opinie s\u0105 jedynie opiniami autora lub autor\u00f3w i niekoniecznie odzwierciedlaj\u0105 pogl\u0105dy i opinie Unii Europejskiej lub Europejskiej Agencji Wykonawczej ds. [&hellip;]","og_url":"https:\/\/csv4vet.eu\/wp\/pl\/survey-pl\/","og_site_name":"CreateSharedValue","article_modified_time":"2024-11-18T17:00:10+00:00","og_image":[{"width":595,"height":842,"url":"https:\/\/csv4vet.eu\/wp\/wp-content\/uploads\/2024\/01\/CSV-Implementation-Guide.jpg","type":"image\/jpeg"}],"twitter_card":"summary_large_image","twitter_misc":{"Estimated reading time":"4 minutes"},"schema":{"@context":"https:\/\/schema.org","@graph":[{"@type":"WebPage","@id":"https:\/\/csv4vet.eu\/wp\/pl\/survey-pl\/","url":"https:\/\/csv4vet.eu\/wp\/pl\/survey-pl\/","name":"Dokumenty Survey - CreateSharedValue","isPartOf":{"@id":"https:\/\/csv4vet.eu\/wp\/#website"},"primaryImageOfPage":{"@id":"https:\/\/csv4vet.eu\/wp\/pl\/survey-pl\/#primaryimage"},"image":{"@id":"https:\/\/csv4vet.eu\/wp\/pl\/survey-pl\/#primaryimage"},"thumbnailUrl":"https:\/\/csv4vet.eu\/wp\/wp-content\/uploads\/2024\/01\/CSV-Implementation-Guide-212x300.jpg","datePublished":"2024-01-26T11:10:52+00:00","dateModified":"2024-11-18T17:00:10+00:00","breadcrumb":{"@id":"https:\/\/csv4vet.eu\/wp\/pl\/survey-pl\/#breadcrumb"},"inLanguage":"en-GB","potentialAction":[{"@type":"ReadAction","target":["https:\/\/csv4vet.eu\/wp\/pl\/survey-pl\/"]}]},{"@type":"ImageObject","inLanguage":"en-GB","@id":"https:\/\/csv4vet.eu\/wp\/pl\/survey-pl\/#primaryimage","url":"https:\/\/csv4vet.eu\/wp\/wp-content\/uploads\/2024\/01\/CSV-Implementation-Guide.jpg","contentUrl":"https:\/\/csv4vet.eu\/wp\/wp-content\/uploads\/2024\/01\/CSV-Implementation-Guide.jpg","width":595,"height":842,"caption":"survey"},{"@type":"BreadcrumbList","@id":"https:\/\/csv4vet.eu\/wp\/pl\/survey-pl\/#breadcrumb","itemListElement":[{"@type":"ListItem","position":1,"name":"Home","item":"https:\/\/csv4vet.eu\/wp\/"},{"@type":"ListItem","position":2,"name":"Dokumenty Survey"}]},{"@type":"WebSite","@id":"https:\/\/csv4vet.eu\/wp\/#website","url":"https:\/\/csv4vet.eu\/wp\/","name":"CreateSharedValue","description":"Strategies for staying creative in VET","publisher":{"@id":"https:\/\/csv4vet.eu\/wp\/#organization"},"potentialAction":[{"@type":"SearchAction","target":{"@type":"EntryPoint","urlTemplate":"https:\/\/csv4vet.eu\/wp\/?s={search_term_string}"},"query-input":{"@type":"PropertyValueSpecification","valueRequired":true,"valueName":"search_term_string"}}],"inLanguage":"en-GB"},{"@type":"Organization","@id":"https:\/\/csv4vet.eu\/wp\/#organization","name":"CreateSharedValue","url":"https:\/\/csv4vet.eu\/wp\/","logo":{"@type":"ImageObject","inLanguage":"en-GB","@id":"https:\/\/csv4vet.eu\/wp\/#\/schema\/logo\/image\/","url":"https:\/\/csv4vet.eu\/wp\/wp-content\/uploads\/2023\/01\/CSV-logo-Regular.png","contentUrl":"https:\/\/csv4vet.eu\/wp\/wp-content\/uploads\/2023\/01\/CSV-logo-Regular.png","width":1000,"height":900,"caption":"CreateSharedValue"},"image":{"@id":"https:\/\/csv4vet.eu\/wp\/#\/schema\/logo\/image\/"}}]}},"_links":{"self":[{"href":"https:\/\/csv4vet.eu\/wp\/wp-json\/wp\/v2\/pages\/4215","targetHints":{"allow":["GET"]}}],"collection":[{"href":"https:\/\/csv4vet.eu\/wp\/wp-json\/wp\/v2\/pages"}],"about":[{"href":"https:\/\/csv4vet.eu\/wp\/wp-json\/wp\/v2\/types\/page"}],"author":[{"embeddable":true,"href":"https:\/\/csv4vet.eu\/wp\/wp-json\/wp\/v2\/users\/3"}],"replies":[{"embeddable":true,"href":"https:\/\/csv4vet.eu\/wp\/wp-json\/wp\/v2\/comments?post=4215"}],"version-history":[{"count":44,"href":"https:\/\/csv4vet.eu\/wp\/wp-json\/wp\/v2\/pages\/4215\/revisions"}],"predecessor-version":[{"id":6972,"href":"https:\/\/csv4vet.eu\/wp\/wp-json\/wp\/v2\/pages\/4215\/revisions\/6972"}],"wp:attachment":[{"href":"https:\/\/csv4vet.eu\/wp\/wp-json\/wp\/v2\/media?parent=4215"}],"curies":[{"name":"wp","href":"https:\/\/api.w.org\/{rel}","templated":true}]}}