{"id":2608,"date":"2023-12-14T18:55:58","date_gmt":"2023-12-14T18:55:58","guid":{"rendered":"https:\/\/csv4vet.eu\/wp\/?page_id=2608"},"modified":"2024-05-24T08:51:20","modified_gmt":"2024-05-24T08:51:20","slug":"swot-documents-gr","status":"publish","type":"page","link":"https:\/\/csv4vet.eu\/wp\/el\/swot-documents-gr\/","title":{"rendered":"\u0388\u03b3\u03b3\u03c1\u03b1\u03c6\u03b1 SWOT"},"content":{"rendered":"\t\t<div data-elementor-type=\"wp-page\" data-elementor-id=\"2608\" class=\"elementor elementor-2608\">\n\t\t\t\t\t\t<section class=\"elementor-section elementor-top-section elementor-element elementor-element-25e3e5a elementor-section-boxed elementor-section-height-default elementor-section-height-default\" data-id=\"25e3e5a\" data-element_type=\"section\">\n\t\t\t\t\t\t<div class=\"elementor-container elementor-column-gap-default\">\n\t\t\t\t\t<div class=\"elementor-column elementor-col-100 elementor-top-column elementor-element elementor-element-a764d2f\" data-id=\"a764d2f\" data-element_type=\"column\">\n\t\t\t<div class=\"elementor-widget-wrap elementor-element-populated\">\n\t\t\t\t\t\t<div class=\"elementor-element elementor-element-703e9bb elementor-widget elementor-widget-toggle\" data-id=\"703e9bb\" data-element_type=\"widget\" data-widget_type=\"toggle.default\">\n\t\t\t\t<div class=\"elementor-widget-container\">\n\t\t\t\t\t<div class=\"elementor-toggle\">\n\t\t\t\t\t\t\t<div class=\"elementor-toggle-item\">\n\t\t\t\t\t<div id=\"elementor-tab-title-1171\" class=\"elementor-tab-title\" data-tab=\"1\" role=\"button\" aria-controls=\"elementor-tab-content-1171\" aria-expanded=\"false\">\n\t\t\t\t\t\t\t\t\t\t\t\t<span class=\"elementor-toggle-icon elementor-toggle-icon-left\" aria-hidden=\"true\">\n\t\t\t\t\t\t\t\t\t\t\t\t\t\t\t<span class=\"elementor-toggle-icon-closed\"><i class=\"fas fa-caret-right\"><\/i><\/span>\n\t\t\t\t\t\t\t\t<span class=\"elementor-toggle-icon-opened\"><i class=\"elementor-toggle-icon-opened fas fa-caret-up\"><\/i><\/span>\n\t\t\t\t\t\t\t\t\t\t\t\t\t<\/span>\n\t\t\t\t\t\t\t\t\t\t\t\t<a class=\"elementor-toggle-title\" tabindex=\"0\">Companies<\/a>\n\t\t\t\t\t<\/div>\n\n\t\t\t\t\t<div id=\"elementor-tab-content-1171\" class=\"elementor-tab-content elementor-clearfix\" data-tab=\"1\" role=\"region\" aria-labelledby=\"elementor-tab-title-1171\"><p><a href=\"https:\/\/csv4vet.eu\/wp\/wp-content\/uploads\/2023\/12\/SWOT__SME2_gr.pdf\" target=\"_blank\" rel=\"noopener\">Lefkaditis, Greek Trading Center, Greece<\/a><\/p>\n<p><a href=\"https:\/\/csv4vet.eu\/wp\/wp-content\/uploads\/2023\/12\/SWOT__SME3_gr.pdf\" target=\"_blank\" rel=\"noopener\">Narkissos Diakosmisi SME, Greece<\/a><\/p>\n<p><a href=\"https:\/\/csv4vet.eu\/wp\/wp-content\/uploads\/2023\/12\/SWOT_Companies_ro.pdf\" target=\"_blank\" rel=\"noopener\">Companies in Romania<\/a><\/p>\n<p><a href=\"https:\/\/csv4vet.eu\/wp\/wp-content\/uploads\/2023\/12\/SWOT_ExploratistAdventure_ro.pdf\" target=\"_blank\" rel=\"noopener\">Exploratist Adventures SRL, Bucharest, Romania<\/a><\/p>\n<p><a href=\"https:\/\/csv4vet.eu\/wp\/wp-content\/uploads\/2023\/12\/SWOT_ExploratistAdventure_ro.pdf\" target=\"_blank\" rel=\"noopener\">Jantsa Company, Efeler-AYDIN, T\u00fcrkiye<\/a><\/p>\n<p><a href=\"https:\/\/csv4vet.eu\/wp\/wp-content\/uploads\/2023\/12\/SWOT_SME-1_tr.pdf\" target=\"_blank\" rel=\"noopener\">Testa\u015f Is\u0131tma &amp; So\u011futma &amp; Do\u011falgaz, T\u00fcrkiye<\/a><\/p>\n<p><a href=\"https:\/\/csv4vet.eu\/wp\/wp-content\/uploads\/2023\/12\/SWOT_SME-3_tr.pdf\">Eys Metal San. VE T\u0130C. LTD. \u015eT\u0130., T\u00fcrkiye<\/a><\/p><p><a href=\"https:\/\/csv4vet.eu\/wp\/wp-content\/uploads\/2024\/05\/Analiza-SWOT-ZIEMNIEWICZ-en.pdf\" target=\"_blank\">Ziemniewicz, Poland<\/a><br><\/p><p><a href=\"https:\/\/csv4vet.eu\/wp\/wp-content\/uploads\/2024\/05\/Analiza-SWOT-Kamikaze-en.pdf\" target=\"_blank\">Kamikaze, Poland<\/a><br><\/p><p><a href=\"https:\/\/csv4vet.eu\/wp\/wp-content\/uploads\/2024\/05\/Analiza-SWOT-HAZE-en.pdf\" target=\"_blank\">Haze, Poland<\/a><\/p>\n<p><\/p><\/div>\n\t\t\t\t<\/div>\n\t\t\t\t\t\t\t<div class=\"elementor-toggle-item\">\n\t\t\t\t\t<div id=\"elementor-tab-title-1172\" class=\"elementor-tab-title\" data-tab=\"2\" role=\"button\" aria-controls=\"elementor-tab-content-1172\" aria-expanded=\"false\">\n\t\t\t\t\t\t\t\t\t\t\t\t<span class=\"elementor-toggle-icon elementor-toggle-icon-left\" aria-hidden=\"true\">\n\t\t\t\t\t\t\t\t\t\t\t\t\t\t\t<span class=\"elementor-toggle-icon-closed\"><i class=\"fas fa-caret-right\"><\/i><\/span>\n\t\t\t\t\t\t\t\t<span class=\"elementor-toggle-icon-opened\"><i class=\"elementor-toggle-icon-opened fas fa-caret-up\"><\/i><\/span>\n\t\t\t\t\t\t\t\t\t\t\t\t\t<\/span>\n\t\t\t\t\t\t\t\t\t\t\t\t<a class=\"elementor-toggle-title\" tabindex=\"0\">Universities<\/a>\n\t\t\t\t\t<\/div>\n\n\t\t\t\t\t<div id=\"elementor-tab-content-1172\" class=\"elementor-tab-content elementor-clearfix\" data-tab=\"2\" role=\"region\" aria-labelledby=\"elementor-tab-title-1172\"><p><a href=\"https:\/\/csv4vet.eu\/wp\/wp-content\/uploads\/2023\/12\/SWOT_AS_pt.pdf\">Academia de Software, Lisboa, Portugal<\/a><\/p><p><a href=\"https:\/\/csv4vet.eu\/wp\/wp-content\/uploads\/2023\/12\/SWOT_Gustave_Eiffel_pt.pdf\" target=\"_blank\" rel=\"noopener\">Escola Profissional Gustave Eiffel, Entroncamento, Portugal<\/a><\/p><div class=\"page\" title=\"Page 1\"><div class=\"section\"><div class=\"layoutArea\"><div class=\"column\"><p><a href=\"https:\/\/csv4vet.eu\/wp\/wp-content\/uploads\/2023\/12\/SWOT_IPTA_pt.pdf\">Instituto Profissional de Tecnologias Avan\u00e7adas \u2013 IPTA, Porto, Portugal<\/a><\/p><\/div><\/div><\/div><\/div><\/div>\n\t\t\t\t<\/div>\n\t\t\t\t\t\t\t<div class=\"elementor-toggle-item\">\n\t\t\t\t\t<div id=\"elementor-tab-title-1173\" class=\"elementor-tab-title\" data-tab=\"3\" role=\"button\" aria-controls=\"elementor-tab-content-1173\" aria-expanded=\"false\">\n\t\t\t\t\t\t\t\t\t\t\t\t<span class=\"elementor-toggle-icon elementor-toggle-icon-left\" aria-hidden=\"true\">\n\t\t\t\t\t\t\t\t\t\t\t\t\t\t\t<span class=\"elementor-toggle-icon-closed\"><i class=\"fas fa-caret-right\"><\/i><\/span>\n\t\t\t\t\t\t\t\t<span class=\"elementor-toggle-icon-opened\"><i class=\"elementor-toggle-icon-opened fas fa-caret-up\"><\/i><\/span>\n\t\t\t\t\t\t\t\t\t\t\t\t\t<\/span>\n\t\t\t\t\t\t\t\t\t\t\t\t<a class=\"elementor-toggle-title\" tabindex=\"0\">VET Schools<\/a>\n\t\t\t\t\t<\/div>\n\n\t\t\t\t\t<div id=\"elementor-tab-content-1173\" class=\"elementor-tab-content elementor-clearfix\" data-tab=\"3\" role=\"region\" aria-labelledby=\"elementor-tab-title-1173\"><p><a href=\"https:\/\/csv4vet.eu\/wp\/wp-content\/uploads\/2023\/12\/SWOT_VET_gr.pdf\">OpenMellon, Larissa, Greece<\/a><\/p><p><a href=\"https:\/\/csv4vet.eu\/wp\/wp-content\/uploads\/2023\/12\/SWOT_VET_school_pl.pdf\">Assembly of Economic Schools, Zgierz, Poland<\/a><\/p><p><a href=\"https:\/\/csv4vet.eu\/wp\/wp-content\/uploads\/2023\/12\/SWOT_VET_School_RO_LT_Sebes.pdf\">Technological High School, Sebe\u0219, Romania<\/a><\/p><p><a href=\"https:\/\/csv4vet.eu\/wp\/wp-content\/uploads\/2023\/12\/SWOT_VET_School_RO_LTAD.pdf\">ALEXANDRU DOMSA, Technologoical High School, Alba Iulia, Romania<\/a><\/p><p><a href=\"https:\/\/csv4vet.eu\/wp\/wp-content\/uploads\/2023\/12\/SWOT_VET_school_tr.pdf\">Ayd\u0131n Vocational Training and Apprenticeship School, T\u00fcrkiye<\/a><\/p><\/div>\n\t\t\t\t<\/div>\n\t\t\t\t\t\t\t<div class=\"elementor-toggle-item\">\n\t\t\t\t\t<div id=\"elementor-tab-title-1174\" class=\"elementor-tab-title\" data-tab=\"4\" role=\"button\" aria-controls=\"elementor-tab-content-1174\" aria-expanded=\"false\">\n\t\t\t\t\t\t\t\t\t\t\t\t<span class=\"elementor-toggle-icon elementor-toggle-icon-left\" aria-hidden=\"true\">\n\t\t\t\t\t\t\t\t\t\t\t\t\t\t\t<span class=\"elementor-toggle-icon-closed\"><i class=\"fas fa-caret-right\"><\/i><\/span>\n\t\t\t\t\t\t\t\t<span class=\"elementor-toggle-icon-opened\"><i class=\"elementor-toggle-icon-opened fas fa-caret-up\"><\/i><\/span>\n\t\t\t\t\t\t\t\t\t\t\t\t\t<\/span>\n\t\t\t\t\t\t\t\t\t\t\t\t<a class=\"elementor-toggle-title\" tabindex=\"0\">Partners<\/a>\n\t\t\t\t\t<\/div>\n\n\t\t\t\t\t<div id=\"elementor-tab-content-1174\" class=\"elementor-tab-content elementor-clearfix\" data-tab=\"4\" role=\"region\" aria-labelledby=\"elementor-tab-title-1174\"><p><a href=\"https:\/\/csv4vet.eu\/wp\/wp-content\/uploads\/2023\/12\/SWOT_FA.pdf\" target=\"_blank\" rel=\"noopener\">Fortbildungsagentur Magdeburg, Germany<\/a><\/p><p><a href=\"https:\/\/csv4vet.eu\/wp\/wp-content\/uploads\/2023\/12\/SWOT_DIDI.pdf\" target=\"_blank\" rel=\"noopener\">DIDI, T\u00fcrkiye<\/a><\/p><p><a href=\"https:\/\/csv4vet.eu\/wp\/wp-content\/uploads\/2023\/12\/SWOT_IED.pdf\" target=\"_blank\" rel=\"noopener\">IED, Greece<\/a><\/p><p><a href=\"https:\/\/csv4vet.eu\/wp\/wp-content\/uploads\/2023\/12\/SWOT_ISTEC.pdf\" target=\"_blank\" rel=\"noopener\">ITA-ISTEC, Lissabon, Portugal<\/a><\/p><p><a href=\"https:\/\/csv4vet.eu\/wp\/wp-content\/uploads\/2023\/12\/SWOT_LCIC.pdf\" target=\"_blank\" rel=\"noopener\">LCIC, Lodz, Poland<\/a><\/p><p><a href=\"https:\/\/csv4vet.eu\/wp\/wp-content\/uploads\/2023\/12\/SWOT_LTAD.pdf\" target=\"_blank\" rel=\"noopener\">LTAD, Romania<\/a><\/p><p><a href=\"https:\/\/csv4vet.eu\/wp\/wp-content\/uploads\/2023\/12\/SWOT_ROGEPA.pdf\" target=\"_blank\" rel=\"noopener\">ROGEPA, Cluj, Romania<\/a><\/p><p><a href=\"https:\/\/csv4vet.eu\/wp\/wp-content\/uploads\/2023\/12\/SWOT_ZIK_SL.pdf\" target=\"_blank\" rel=\"noopener\">ZIK, Slovenia<\/a><\/p><\/div>\n\t\t\t\t<\/div>\n\t\t\t\t\t\t\t\t<\/div>\n\t\t\t\t<\/div>\n\t\t\t\t<\/div>\n\t\t\t\t\t<\/div>\n\t\t<\/div>\n\t\t\t\t\t<\/div>\n\t\t<\/section>\n\t\t\t\t<section class=\"elementor-section elementor-top-section elementor-element elementor-element-6eba691f elementor-section-content-middle elementor-section-boxed elementor-section-height-default elementor-section-height-default\" data-id=\"6eba691f\" data-element_type=\"section\">\n\t\t\t\t\t\t<div class=\"elementor-container elementor-column-gap-default\">\n\t\t\t\t\t<div class=\"elementor-column elementor-col-50 elementor-top-column elementor-element elementor-element-1919c871\" data-id=\"1919c871\" data-element_type=\"column\">\n\t\t\t<div class=\"elementor-widget-wrap elementor-element-populated\">\n\t\t\t\t\t\t<div class=\"elementor-element elementor-element-6ed742ff elementor-widget elementor-widget-image\" data-id=\"6ed742ff\" data-element_type=\"widget\" data-widget_type=\"image.default\">\n\t\t\t\t<div class=\"elementor-widget-container\">\n\t\t\t\t\t\t\t\t\t\t\t\t\t<img fetchpriority=\"high\" decoding=\"async\" width=\"1024\" height=\"192\" src=\"https:\/\/csv4vet.eu\/wp\/wp-content\/uploads\/2024\/01\/EL_Co-fundedbytheEU_RGB_POS-1024x192.png\" class=\"attachment-large size-large wp-image-3128 no-lazy\" alt=\"\" srcset=\"https:\/\/csv4vet.eu\/wp\/wp-content\/uploads\/2024\/01\/EL_Co-fundedbytheEU_RGB_POS-1024x192.png 1024w, https:\/\/csv4vet.eu\/wp\/wp-content\/uploads\/2024\/01\/EL_Co-fundedbytheEU_RGB_POS-300x56.png 300w, https:\/\/csv4vet.eu\/wp\/wp-content\/uploads\/2024\/01\/EL_Co-fundedbytheEU_RGB_POS-768x144.png 768w, https:\/\/csv4vet.eu\/wp\/wp-content\/uploads\/2024\/01\/EL_Co-fundedbytheEU_RGB_POS-1536x288.png 1536w, https:\/\/csv4vet.eu\/wp\/wp-content\/uploads\/2024\/01\/EL_Co-fundedbytheEU_RGB_POS-2048x384.png 2048w\" sizes=\"(max-width: 1024px) 100vw, 1024px\" \/>\t\t\t\t\t\t\t\t\t\t\t\t\t<\/div>\n\t\t\t\t<\/div>\n\t\t\t\t\t<\/div>\n\t\t<\/div>\n\t\t\t\t<div class=\"elementor-column elementor-col-50 elementor-top-column elementor-element elementor-element-5b74c015\" data-id=\"5b74c015\" data-element_type=\"column\">\n\t\t\t<div class=\"elementor-widget-wrap elementor-element-populated\">\n\t\t\t\t\t\t<div class=\"elementor-element elementor-element-4293691c elementor-widget elementor-widget-text-editor\" data-id=\"4293691c\" data-element_type=\"widget\" data-widget_type=\"text-editor.default\">\n\t\t\t\t<div class=\"elementor-widget-container\">\n\t\t\t\t\t\t\t<span style=\"font-size: 10pt;\">\u039c\u03b5 \u03c4\u03b7 \u03c7\u03c1\u03b7\u03bc\u03b1\u03c4\u03bf\u03b4\u03cc\u03c4\u03b7\u03c3\u03b7 \u03c4\u03b7\u03c2 \u0395\u03c5\u03c1\u03c9\u03c0\u03b1\u03ca\u03ba\u03ae\u03c2 \u0388\u03bd\u03c9\u03c3\u03b7\u03c2. \u039f\u03b9 \u03b1\u03c0\u03cc\u03c8\u03b5\u03b9\u03c2 \u03ba\u03b1\u03b9 \u03bf\u03b9 \u03b3\u03bd\u03ce\u03bc\u03b5\u03c2 \u03c0\u03bf\u03c5 \u03b4\u03b9\u03b1\u03c4\u03c5\u03c0\u03ce\u03bd\u03bf\u03bd\u03c4\u03b1\u03b9 \u03b5\u03ba\u03c6\u03c1\u03ac\u03b6\u03bf\u03c5\u03bd \u03b1\u03c0\u03bf\u03ba\u03bb\u03b5\u03b9\u03c3\u03c4\u03b9\u03ba\u03ac \u03c4\u03b9\u03c2 \u03b1\u03c0\u03cc\u03c8\u03b5\u03b9\u03c2 \u03c4\u03c9\u03bd \u03c3\u03c5\u03bd\u03c4\u03b1\u03ba\u03c4\u03ce\u03bd \u03ba\u03b1\u03b9 \u03b4\u03b5\u03bd \u03b1\u03bd\u03c4\u03b9\u03c0\u03c1\u03bf\u03c3\u03c9\u03c0\u03b5\u03cd\u03bf\u03c5\u03bd \u03ba\u03b1\u03c4\u2019\u03b1\u03bd\u03ac\u03b3\u03ba\u03b7 \u03c4\u03b9\u03c2 \u03b1\u03c0\u03cc\u03c8\u03b5\u03b9\u03c2 \u03c4\u03b7\u03c2 \u0395\u03c5\u03c1\u03c9\u03c0\u03b1\u03ca\u03ba\u03ae\u03c2 \u0388\u03bd\u03c9\u03c3\u03b7\u03c2 \u03ae \u03c4\u03bf\u03c5 \u0395\u03c5\u03c1\u03c9\u03c0\u03b1\u03ca\u03ba\u03bf\u03cd \u0395\u03ba\u03c4\u03b5\u03bb\u03b5\u03c3\u03c4\u03b9\u03ba\u03bf\u03cd \u039f\u03c1\u03b3\u03b1\u03bd\u03b9\u03c3\u03bc\u03bf\u03cd \u0395\u03ba\u03c0\u03b1\u03af\u03b4\u03b5\u03c5\u03c3\u03b7\u03c2 \u03ba\u03b1\u03b9 \u03a0\u03bf\u03bb\u03b9\u03c4\u03b9\u03c3\u03bc\u03bf\u03cd (EACEA). \u0397 \u0395\u03c5\u03c1\u03c9\u03c0\u03b1\u03ca\u03ba\u03ae \u0388\u03bd\u03c9\u03c3\u03b7 \u03ba\u03b1\u03b9 \u03bf EACEA \u03b4\u03b5\u03bd \u03bc\u03c0\u03bf\u03c1\u03bf\u03cd\u03bd \u03bd\u03b1 \u03b8\u03b5\u03c9\u03c1\u03b7\u03b8\u03bf\u03cd\u03bd \u03c5\u03c0\u03b5\u03cd\u03b8\u03c5\u03bd\u03bf\u03b9 \u03b3\u03b9\u03b1 \u03c4\u03b9\u03c2 \u03b5\u03ba\u03c6\u03c1\u03b1\u03b6\u03cc\u03bc\u03b5\u03bd\u03b5\u03c2 \u03b1\u03c0\u03cc\u03c8\u03b5\u03b9\u03c2.<\/span>\t\t\t\t\t\t<\/div>\n\t\t\t\t<\/div>\n\t\t\t\t\t<\/div>\n\t\t<\/div>\n\t\t\t\t\t<\/div>\n\t\t<\/section>\n\t\t\t\t<\/div>\n\t\t","protected":false},"excerpt":{"rendered":"<p>Companies Lefkaditis, Greek Trading Center, Greece Narkissos Diakosmisi SME, Greece Companies in Romania Exploratist Adventures SRL, Bucharest, Romania Jantsa Company, Efeler-AYDIN, T\u00fcrkiye Testa\u015f Is\u0131tma &amp; So\u011futma &amp; Do\u011falgaz, T\u00fcrkiye Eys Metal San. VE T\u0130C. LTD. \u015eT\u0130., T\u00fcrkiye Ziemniewicz, Poland Kamikaze, Poland Haze, Poland Universities Academia de Software, Lisboa, Portugal Escola Profissional Gustave Eiffel, Entroncamento, Portugal [&hellip;]<\/p>\n","protected":false},"author":3,"featured_media":0,"parent":0,"menu_order":0,"comment_status":"closed","ping_status":"closed","template":"","meta":{"inline_featured_image":false,"footnotes":""},"class_list":["post-2608","page","type-page","status-publish","czr-hentry"],"yoast_head":"<!-- This site is optimized with the Yoast SEO plugin v24.4 - https:\/\/yoast.com\/wordpress\/plugins\/seo\/ -->\n<title>\u0388\u03b3\u03b3\u03c1\u03b1\u03c6\u03b1 SWOT - CreateSharedValue<\/title>\n<meta name=\"robots\" content=\"index, follow, max-snippet:-1, max-image-preview:large, max-video-preview:-1\" \/>\n<link rel=\"canonical\" href=\"https:\/\/csv4vet.eu\/wp\/el\/swot-documents-gr\/\" \/>\n<meta property=\"og:locale\" content=\"en_GB\" \/>\n<meta property=\"og:type\" content=\"article\" \/>\n<meta property=\"og:title\" content=\"\u0388\u03b3\u03b3\u03c1\u03b1\u03c6\u03b1 SWOT - CreateSharedValue\" \/>\n<meta property=\"og:description\" content=\"Companies Lefkaditis, Greek Trading Center, Greece Narkissos Diakosmisi SME, Greece Companies in Romania Exploratist Adventures SRL, Bucharest, Romania Jantsa Company, Efeler-AYDIN, T\u00fcrkiye Testa\u015f Is\u0131tma &amp; So\u011futma &amp; Do\u011falgaz, T\u00fcrkiye Eys Metal San. VE T\u0130C. LTD. \u015eT\u0130., T\u00fcrkiye Ziemniewicz, Poland Kamikaze, Poland Haze, Poland Universities Academia de Software, Lisboa, Portugal Escola Profissional Gustave Eiffel, Entroncamento, Portugal [&hellip;]\" \/>\n<meta property=\"og:url\" content=\"https:\/\/csv4vet.eu\/wp\/el\/swot-documents-gr\/\" \/>\n<meta property=\"og:site_name\" content=\"CreateSharedValue\" \/>\n<meta property=\"article:modified_time\" content=\"2024-05-24T08:51:20+00:00\" \/>\n<meta property=\"og:image\" content=\"https:\/\/csv4vet.eu\/wp\/wp-content\/uploads\/2024\/01\/EL_Co-fundedbytheEU_RGB_POS-1024x192.png\" \/>\n<meta name=\"twitter:card\" content=\"summary_large_image\" \/>\n<meta name=\"twitter:label1\" content=\"Estimated reading time\" \/>\n\t<meta name=\"twitter:data1\" content=\"1 minute\" \/>\n<script type=\"application\/ld+json\" class=\"yoast-schema-graph\">{\"@context\":\"https:\/\/schema.org\",\"@graph\":[{\"@type\":\"WebPage\",\"@id\":\"https:\/\/csv4vet.eu\/wp\/el\/swot-documents-gr\/\",\"url\":\"https:\/\/csv4vet.eu\/wp\/el\/swot-documents-gr\/\",\"name\":\"\u0388\u03b3\u03b3\u03c1\u03b1\u03c6\u03b1 SWOT - CreateSharedValue\",\"isPartOf\":{\"@id\":\"https:\/\/csv4vet.eu\/wp\/#website\"},\"primaryImageOfPage\":{\"@id\":\"https:\/\/csv4vet.eu\/wp\/el\/swot-documents-gr\/#primaryimage\"},\"image\":{\"@id\":\"https:\/\/csv4vet.eu\/wp\/el\/swot-documents-gr\/#primaryimage\"},\"thumbnailUrl\":\"https:\/\/csv4vet.eu\/wp\/wp-content\/uploads\/2024\/01\/EL_Co-fundedbytheEU_RGB_POS-1024x192.png\",\"datePublished\":\"2023-12-14T18:55:58+00:00\",\"dateModified\":\"2024-05-24T08:51:20+00:00\",\"breadcrumb\":{\"@id\":\"https:\/\/csv4vet.eu\/wp\/el\/swot-documents-gr\/#breadcrumb\"},\"inLanguage\":\"en-GB\",\"potentialAction\":[{\"@type\":\"ReadAction\",\"target\":[\"https:\/\/csv4vet.eu\/wp\/el\/swot-documents-gr\/\"]}]},{\"@type\":\"ImageObject\",\"inLanguage\":\"en-GB\",\"@id\":\"https:\/\/csv4vet.eu\/wp\/el\/swot-documents-gr\/#primaryimage\",\"url\":\"https:\/\/csv4vet.eu\/wp\/wp-content\/uploads\/2024\/01\/EL_Co-fundedbytheEU_RGB_POS.png\",\"contentUrl\":\"https:\/\/csv4vet.eu\/wp\/wp-content\/uploads\/2024\/01\/EL_Co-fundedbytheEU_RGB_POS.png\",\"width\":4895,\"height\":919},{\"@type\":\"BreadcrumbList\",\"@id\":\"https:\/\/csv4vet.eu\/wp\/el\/swot-documents-gr\/#breadcrumb\",\"itemListElement\":[{\"@type\":\"ListItem\",\"position\":1,\"name\":\"Home\",\"item\":\"https:\/\/csv4vet.eu\/wp\/\"},{\"@type\":\"ListItem\",\"position\":2,\"name\":\"\u0388\u03b3\u03b3\u03c1\u03b1\u03c6\u03b1 SWOT\"}]},{\"@type\":\"WebSite\",\"@id\":\"https:\/\/csv4vet.eu\/wp\/#website\",\"url\":\"https:\/\/csv4vet.eu\/wp\/\",\"name\":\"CreateSharedValue\",\"description\":\"Strategies for staying creative in VET\",\"publisher\":{\"@id\":\"https:\/\/csv4vet.eu\/wp\/#organization\"},\"potentialAction\":[{\"@type\":\"SearchAction\",\"target\":{\"@type\":\"EntryPoint\",\"urlTemplate\":\"https:\/\/csv4vet.eu\/wp\/?s={search_term_string}\"},\"query-input\":{\"@type\":\"PropertyValueSpecification\",\"valueRequired\":true,\"valueName\":\"search_term_string\"}}],\"inLanguage\":\"en-GB\"},{\"@type\":\"Organization\",\"@id\":\"https:\/\/csv4vet.eu\/wp\/#organization\",\"name\":\"CreateSharedValue\",\"url\":\"https:\/\/csv4vet.eu\/wp\/\",\"logo\":{\"@type\":\"ImageObject\",\"inLanguage\":\"en-GB\",\"@id\":\"https:\/\/csv4vet.eu\/wp\/#\/schema\/logo\/image\/\",\"url\":\"https:\/\/csv4vet.eu\/wp\/wp-content\/uploads\/2023\/01\/CSV-logo-Regular.png\",\"contentUrl\":\"https:\/\/csv4vet.eu\/wp\/wp-content\/uploads\/2023\/01\/CSV-logo-Regular.png\",\"width\":1000,\"height\":900,\"caption\":\"CreateSharedValue\"},\"image\":{\"@id\":\"https:\/\/csv4vet.eu\/wp\/#\/schema\/logo\/image\/\"}}]}<\/script>\n<!-- \/ Yoast SEO plugin. -->","yoast_head_json":{"title":"\u0388\u03b3\u03b3\u03c1\u03b1\u03c6\u03b1 SWOT - CreateSharedValue","robots":{"index":"index","follow":"follow","max-snippet":"max-snippet:-1","max-image-preview":"max-image-preview:large","max-video-preview":"max-video-preview:-1"},"canonical":"https:\/\/csv4vet.eu\/wp\/el\/swot-documents-gr\/","og_locale":"en_GB","og_type":"article","og_title":"\u0388\u03b3\u03b3\u03c1\u03b1\u03c6\u03b1 SWOT - CreateSharedValue","og_description":"Companies Lefkaditis, Greek Trading Center, Greece Narkissos Diakosmisi SME, Greece Companies in Romania Exploratist Adventures SRL, Bucharest, Romania Jantsa Company, Efeler-AYDIN, T\u00fcrkiye Testa\u015f Is\u0131tma &amp; So\u011futma &amp; Do\u011falgaz, T\u00fcrkiye Eys Metal San. VE T\u0130C. LTD. \u015eT\u0130., T\u00fcrkiye Ziemniewicz, Poland Kamikaze, Poland Haze, Poland Universities Academia de Software, Lisboa, Portugal Escola Profissional Gustave Eiffel, Entroncamento, Portugal [&hellip;]","og_url":"https:\/\/csv4vet.eu\/wp\/el\/swot-documents-gr\/","og_site_name":"CreateSharedValue","article_modified_time":"2024-05-24T08:51:20+00:00","og_image":[{"url":"https:\/\/csv4vet.eu\/wp\/wp-content\/uploads\/2024\/01\/EL_Co-fundedbytheEU_RGB_POS-1024x192.png","type":"","width":"","height":""}],"twitter_card":"summary_large_image","twitter_misc":{"Estimated reading time":"1 minute"},"schema":{"@context":"https:\/\/schema.org","@graph":[{"@type":"WebPage","@id":"https:\/\/csv4vet.eu\/wp\/el\/swot-documents-gr\/","url":"https:\/\/csv4vet.eu\/wp\/el\/swot-documents-gr\/","name":"\u0388\u03b3\u03b3\u03c1\u03b1\u03c6\u03b1 SWOT - CreateSharedValue","isPartOf":{"@id":"https:\/\/csv4vet.eu\/wp\/#website"},"primaryImageOfPage":{"@id":"https:\/\/csv4vet.eu\/wp\/el\/swot-documents-gr\/#primaryimage"},"image":{"@id":"https:\/\/csv4vet.eu\/wp\/el\/swot-documents-gr\/#primaryimage"},"thumbnailUrl":"https:\/\/csv4vet.eu\/wp\/wp-content\/uploads\/2024\/01\/EL_Co-fundedbytheEU_RGB_POS-1024x192.png","datePublished":"2023-12-14T18:55:58+00:00","dateModified":"2024-05-24T08:51:20+00:00","breadcrumb":{"@id":"https:\/\/csv4vet.eu\/wp\/el\/swot-documents-gr\/#breadcrumb"},"inLanguage":"en-GB","potentialAction":[{"@type":"ReadAction","target":["https:\/\/csv4vet.eu\/wp\/el\/swot-documents-gr\/"]}]},{"@type":"ImageObject","inLanguage":"en-GB","@id":"https:\/\/csv4vet.eu\/wp\/el\/swot-documents-gr\/#primaryimage","url":"https:\/\/csv4vet.eu\/wp\/wp-content\/uploads\/2024\/01\/EL_Co-fundedbytheEU_RGB_POS.png","contentUrl":"https:\/\/csv4vet.eu\/wp\/wp-content\/uploads\/2024\/01\/EL_Co-fundedbytheEU_RGB_POS.png","width":4895,"height":919},{"@type":"BreadcrumbList","@id":"https:\/\/csv4vet.eu\/wp\/el\/swot-documents-gr\/#breadcrumb","itemListElement":[{"@type":"ListItem","position":1,"name":"Home","item":"https:\/\/csv4vet.eu\/wp\/"},{"@type":"ListItem","position":2,"name":"\u0388\u03b3\u03b3\u03c1\u03b1\u03c6\u03b1 SWOT"}]},{"@type":"WebSite","@id":"https:\/\/csv4vet.eu\/wp\/#website","url":"https:\/\/csv4vet.eu\/wp\/","name":"CreateSharedValue","description":"Strategies for staying creative in VET","publisher":{"@id":"https:\/\/csv4vet.eu\/wp\/#organization"},"potentialAction":[{"@type":"SearchAction","target":{"@type":"EntryPoint","urlTemplate":"https:\/\/csv4vet.eu\/wp\/?s={search_term_string}"},"query-input":{"@type":"PropertyValueSpecification","valueRequired":true,"valueName":"search_term_string"}}],"inLanguage":"en-GB"},{"@type":"Organization","@id":"https:\/\/csv4vet.eu\/wp\/#organization","name":"CreateSharedValue","url":"https:\/\/csv4vet.eu\/wp\/","logo":{"@type":"ImageObject","inLanguage":"en-GB","@id":"https:\/\/csv4vet.eu\/wp\/#\/schema\/logo\/image\/","url":"https:\/\/csv4vet.eu\/wp\/wp-content\/uploads\/2023\/01\/CSV-logo-Regular.png","contentUrl":"https:\/\/csv4vet.eu\/wp\/wp-content\/uploads\/2023\/01\/CSV-logo-Regular.png","width":1000,"height":900,"caption":"CreateSharedValue"},"image":{"@id":"https:\/\/csv4vet.eu\/wp\/#\/schema\/logo\/image\/"}}]}},"_links":{"self":[{"href":"https:\/\/csv4vet.eu\/wp\/wp-json\/wp\/v2\/pages\/2608","targetHints":{"allow":["GET"]}}],"collection":[{"href":"https:\/\/csv4vet.eu\/wp\/wp-json\/wp\/v2\/pages"}],"about":[{"href":"https:\/\/csv4vet.eu\/wp\/wp-json\/wp\/v2\/types\/page"}],"author":[{"embeddable":true,"href":"https:\/\/csv4vet.eu\/wp\/wp-json\/wp\/v2\/users\/3"}],"replies":[{"embeddable":true,"href":"https:\/\/csv4vet.eu\/wp\/wp-json\/wp\/v2\/comments?post=2608"}],"version-history":[{"count":11,"href":"https:\/\/csv4vet.eu\/wp\/wp-json\/wp\/v2\/pages\/2608\/revisions"}],"predecessor-version":[{"id":6276,"href":"https:\/\/csv4vet.eu\/wp\/wp-json\/wp\/v2\/pages\/2608\/revisions\/6276"}],"wp:attachment":[{"href":"https:\/\/csv4vet.eu\/wp\/wp-json\/wp\/v2\/media?parent=2608"}],"curies":[{"name":"wp","href":"https:\/\/api.w.org\/{rel}","templated":true}]}}